{"id":6174,"date":"2021-03-05T15:20:26","date_gmt":"2021-03-05T20:20:26","guid":{"rendered":"https:\/\/cienciassociales.uniandes.edu.co\/lenguas-cultura\/?page_id=6174"},"modified":"2024-10-15T15:55:49","modified_gmt":"2024-10-15T20:55:49","slug":"especializaciones-maestrias-doctorados","status":"publish","type":"page","link":"https:\/\/cienciassociales.uniandes.edu.co\/lenguas-cultura\/servicios\/requisitos-lenguas-grado\/especializaciones-maestrias-doctorados\/","title":{"rendered":"Requisitos de lengua para graduarse (especializaciones, maestr\u00edas y doctorados)"},"content":{"rendered":"\t\t<div data-elementor-type=\"wp-page\" data-elementor-id=\"6174\" class=\"elementor elementor-6174\" data-elementor-post-type=\"page\">\n\t\t\t\t\t\t<section class=\"has_ae_slider elementor-section elementor-top-section elementor-element elementor-element-ac390f7 elementor-section-height-min-height elementor-section-boxed elementor-section-height-default elementor-section-items-middle ae-bg-gallery-type-default\" data-id=\"ac390f7\" data-element_type=\"section\" data-settings=\"{&quot;background_background&quot;:&quot;classic&quot;}\">\n\t\t\t\t\t\t<div class=\"elementor-container elementor-column-gap-default\">\n\t\t\t\t\t<div class=\"has_ae_slider elementor-column elementor-col-100 elementor-top-column elementor-element elementor-element-ec3916f ae-bg-gallery-type-default\" data-id=\"ec3916f\" data-element_type=\"column\">\n\t\t\t<div class=\"elementor-widget-wrap\">\n\t\t\t\t\t\t\t<\/div>\n\t\t<\/div>\n\t\t\t\t\t<\/div>\n\t\t<\/section>\n\t\t\t\t<section class=\"has_ae_slider elementor-section elementor-top-section elementor-element elementor-element-32d7e52 elementor-section-boxed elementor-section-height-default elementor-section-height-default ae-bg-gallery-type-default\" data-id=\"32d7e52\" data-element_type=\"section\">\n\t\t\t\t\t\t<div class=\"elementor-container elementor-column-gap-default\">\n\t\t\t\t\t<div class=\"has_ae_slider elementor-column elementor-col-100 elementor-top-column elementor-element elementor-element-33a3422 ae-bg-gallery-type-default\" data-id=\"33a3422\" data-element_type=\"column\">\n\t\t\t<div class=\"elementor-widget-wrap elementor-element-populated\">\n\t\t\t\t\t\t<div class=\"elementor-element elementor-element-66e06e8 elementor-widget elementor-widget-heading\" data-id=\"66e06e8\" data-element_type=\"widget\" data-widget_type=\"heading.default\">\n\t\t\t\t<div class=\"elementor-widget-container\">\n\t\t\t<h1 class=\"elementor-heading-title elementor-size-default\">Requisitos de lengua para graduarse (especializaciones, maestr\u00edas y doctorados)<\/h1>\t\t<\/div>\n\t\t\t\t<\/div>\n\t\t\t\t\t<\/div>\n\t\t<\/div>\n\t\t\t\t\t<\/div>\n\t\t<\/section>\n\t\t\t\t<section class=\"has_ae_slider elementor-section elementor-top-section elementor-element elementor-element-9634866 inside-content elementor-section-boxed elementor-section-height-default elementor-section-height-default ae-bg-gallery-type-default\" data-id=\"9634866\" data-element_type=\"section\">\n\t\t\t\t\t\t<div class=\"elementor-container elementor-column-gap-default\">\n\t\t\t\t\t<div class=\"has_ae_slider elementor-column elementor-col-100 elementor-top-column elementor-element elementor-element-2422cc5 ae-bg-gallery-type-default\" data-id=\"2422cc5\" data-element_type=\"column\">\n\t\t\t<div class=\"elementor-widget-wrap elementor-element-populated\">\n\t\t\t\t\t\t<div class=\"elementor-element elementor-element-a585e19 elementor-widget elementor-widget-text-editor\" data-id=\"a585e19\" data-element_type=\"widget\" data-widget_type=\"text-editor.default\">\n\t\t\t\t<div class=\"elementor-widget-container\">\n\t\t\t\t\t\t\t<h3><span style=\"font-family: 'Source Sans Pro', sans-serif; font-size: 2.214rem; font-weight: 400;\">Requisitos para estudiantes de posgrado<\/span><\/h3><h3>1. Requisito de idiomas posgrado &#8211; Maestr\u00edas y especializaciones<\/h3><p>Los estudiantes de algunos programas de maestr\u00eda y especializaciones de la Universidad deben cumplir con el requisito de idiomas posgrado. Este requisito debe cumplirse antes de finalizar sus estudios.<\/p><p>Sugerimos consultar con la coordinaci\u00f3n acad\u00e9mica de su programa de estudio si debe cumplir con este requisito, de ser as\u00ed, puede cumplirlo de las siguientes opciones:<\/p><p style=\"padding-left: 40px;\">a. Realizando el examen de clasificaci\u00f3n administrado por el departamento de Lenguas y cultura y de acuerdo con su resultado, cumplir el requisito o realizar los cursos requeridos (para esto consultar a su coordinador acad\u00e9mico para su inscripci\u00f3n).<\/p><p style=\"padding-left: 40px;\">b. Aportando el TOEFL-IBT vigente con vigencia m\u00ednima de dos a\u00f1os al ingreso formal al posgrado (no se aceptan <em>IPT<\/em>, <em>Essentials<\/em> ni <em>My best score<\/em>), con puntaje de 80\/120 o superior (si cuenta con este documento, registrarlo en https:\/\/forms.office.com\/r\/exHRi71pai).<\/p><p style=\"padding-left: 40px;\">c. Aportando el IELTS vigente con vigencia m\u00ednima de dos a\u00f1os al ingreso formal al posgrado, con puntaje de 6.5. (si cuenta con este documento, registrarlo en https:\/\/forms.office.com\/r\/exHRi71pai).<\/p><p style=\"padding-left: 40px;\">d. Haberse graduado de un programa de pregrado de la Universidad de los Andes, entre los cinco a\u00f1os anteriores al ingreso al posgrado. (Si cumple con ello escribir a exclalenguas@uniandes.edu.co).<\/p><p style=\"padding-left: 40px;\">e. Aportando un diploma universitario (pregrado, maestr\u00eda o doctorado) de un pa\u00eds angloparlante (si cuenta con este documento, registrarlo en https:\/\/forms.office.com\/r\/exHRi71pai).<\/p><p><b>Nota:\u00a0<\/b> Recuerde consultar con la coordinaci\u00f3n acad\u00e9mica de su programa de estudio si debe cumplir con este requisito.<\/p><h3>2. Requisito de ingl\u00e9s doctorado\u00a0<\/h3><p>La Universidad de los Andes exige a todos los estudiantes de doctorado cumplir con un requisito de ingl\u00e9s que var\u00eda seg\u00fan el programa. Consulte con su programa acad\u00e9mico hasta que curso de ingl\u00e9s, para estudiantes de doctorado, debe aprobar para cumplir con el requisito.\u00a0<\/p>\t\t\t\t\t\t<\/div>\n\t\t\t\t<\/div>\n\t\t\t\t<div class=\"elementor-element elementor-element-bf1cf99 elementor-widget elementor-widget-text-editor\" data-id=\"bf1cf99\" data-element_type=\"widget\" data-widget_type=\"text-editor.default\">\n\t\t\t\t<div class=\"elementor-widget-container\">\n\t\t\t\t\t\t\t<h3 style=\"font-style: normal;\"><u>Modalidad de homologaci\u00f3n con cursos <\/u>i<u>ngl\u00e9s de pregrado\u00a0<\/u><\/h3><p>Los estudiantes pueden cumplir el requisito de ingl\u00e9s doctorados con <strong>cursos de pregrado aprobados m\u00e1ximo 2 a\u00f1os<\/strong> antes de la fecha de ingreso al doctorado y de acuerdo con la siguiente tabla:\u00a0<\/p>\t\t\t\t\t\t<\/div>\n\t\t\t\t<\/div>\n\t\t\t\t<div class=\"elementor-element elementor-element-b966415 ee-table--responsive ee-table-mobile-header--row elementor-widget elementor-widget-table\" data-id=\"b966415\" data-element_type=\"widget\" data-settings=\"{&quot;mobile_headers_auto&quot;:&quot;yes&quot;}\" data-widget_type=\"table.default\">\n\t\t\t\t<div class=\"elementor-widget-container\">\n\t\t\t\t\t\n\t\t<table class=\"ee-table ee-table--even ee-table--rules\">\n\n\t\t\t\t\t\t<colgroup>\n\t\t\t\t\t\t\t\t<col span=\"1\" class=\"elementor-repeater-item-df8980f\">\n\t\t\t\t\t\t\t<\/colgroup>\n\t\t<thead>\n\t\t\t<tr class=\"ee-table__row\">\n\n\t\t\t<th class=\"ee-table__cell elementor-repeater-item-6e17d5e\">\n\t\t\t\t\t<span class=\"ee-table__text\"><span class=\"ee-table__text__inner\">CURSO<\/span>\n\n\t\t\t\t\t\t\n\t\t\t\t\t<\/span>\n\t\t\t\t<\/th>\n\n\t\t\t<th class=\"ee-table__cell elementor-repeater-item-28f7720\">\n\t\t\t\t\t<span class=\"ee-table__text\"><span class=\"ee-table__text__inner\">CURSO DE PREGRADO EQUIVALENTE<\/span>\n\n\t\t\t\t\t\t\n\t\t\t\t\t<\/span>\n\t\t\t\t<\/th>\n\n\t\t\t\t\t\t<\/tr>\n\t\t<\/thead><tbody><tr class=\"ee-table__row elementor-repeater-item-68457eb\">\n\t\t<td class=\"ee-table__cell elementor-repeater-item-e41c92f\" data-title=\"CURSO\">\n\t\t\t<span class=\"ee-table__text\"><span class=\"ee-table__text__inner\">Ingl\u00e9s Doctorados 1<\/span>\n\n\t\t\t<\/span>\n\t\t<\/td><td class=\"ee-table__cell elementor-repeater-item-5e970f7\" data-title=\"CURSO DE PREGRADO EQUIVALENTE\">\n\t\t\t<span class=\"ee-table__text\"><span class=\"ee-table__text__inner\">LENG-1155 (English 5) y LENG-1156 (English 6) Habilidades acad\u00e9micas generales<\/span>\n\n\t\t\t<\/span>\n\t\t<\/td><\/tr><tr class=\"ee-table__row elementor-repeater-item-05c4a7a\">\n\n\t\t<td class=\"ee-table__cell elementor-repeater-item-466c3eb\" data-title=\"CURSO\">\n\t\t\t<span class=\"ee-table__text\"><span class=\"ee-table__text__inner\">Ingl\u00e9s Doctorados 2<\/span>\n\n\t\t\t<\/span>\n\t\t<\/td><td class=\"ee-table__cell elementor-repeater-item-640b360\" data-title=\"CURSO DE PREGRADO EQUIVALENTE\">\n\t\t\t<span class=\"ee-table__text\"><span class=\"ee-table__text__inner\">LENG-1157 (English 7) y LENG-1158 (English 8) Habilidades acad\u00e9micas generales<\/span>\n\n\t\t\t<\/span>\n\t\t<\/td><\/tr><tr class=\"ee-table__row elementor-repeater-item-32a2922\">\n\n\t\t<td class=\"ee-table__cell elementor-repeater-item-62f8fc0\" data-title=\"CURSO\">\n\t\t\t<span class=\"ee-table__text\"><span class=\"ee-table__text__inner\">Ingl\u00e9s Doctorados 3<\/span>\n\n\t\t\t<\/span>\n\t\t<\/td><td class=\"ee-table__cell elementor-repeater-item-e50ab72\" data-title=\"CURSO DE PREGRADO EQUIVALENTE\">\n\t\t\t<span class=\"ee-table__text\"><span class=\"ee-table__text__inner\">No hay curso equivalente<\/span>\n\n\t\t\t<\/span>\n\t\t<\/td><\/tr><tr class=\"ee-table__row elementor-repeater-item-3f8bd97\">\n\n\t\t<td class=\"ee-table__cell elementor-repeater-item-fd9a3c4\" data-title=\"CURSO\">\n\t\t\t<span class=\"ee-table__text\"><span class=\"ee-table__text__inner\">Ingl\u00e9s Doctorados 4<\/span>\n\n\t\t\t<\/span>\n\t\t<\/td><td class=\"ee-table__cell elementor-repeater-item-4caf2f1\" data-title=\"CURSO DE PREGRADO EQUIVALENTE\">\n\t\t\t<span class=\"ee-table__text\"><span class=\"ee-table__text__inner\">No hay curso equivalente<\/span>\n\n\t\t\t<\/span>\n\t\t<\/td><\/tr><tr class=\"ee-table__row elementor-repeater-item-d563ccc\">\n\n\t\t<\/tr>\n\t\t\t<\/tbody>\n\t\t<\/table>\n\n\t\t\t\t<\/div>\n\t\t\t\t<\/div>\n\t\t\t\t<div class=\"elementor-element elementor-element-653f72f elementor-widget elementor-widget-text-editor\" data-id=\"653f72f\" data-element_type=\"widget\" data-widget_type=\"text-editor.default\">\n\t\t\t\t<div class=\"elementor-widget-container\">\n\t\t\t\t\t\t\t<h3 style=\"font-style: normal;\"><u>Modalidad de homologaci\u00f3n con examen de clasificaci\u00f3n o ex\u00e1menes\u00a0 internacionales<\/u><\/h3><p>Los estudiantes pueden cumplir el requisito de ingl\u00e9s doctorados con ex\u00e1menes internacionales vigentes de acuerdo con la siguiente tabla:\u00a0<\/p>\t\t\t\t\t\t<\/div>\n\t\t\t\t<\/div>\n\t\t\t\t<div class=\"elementor-element elementor-element-ca2e7f9 ee-table--responsive ee-table-mobile-header--row elementor-widget elementor-widget-table\" data-id=\"ca2e7f9\" data-element_type=\"widget\" data-settings=\"{&quot;mobile_headers_auto&quot;:&quot;yes&quot;}\" data-widget_type=\"table.default\">\n\t\t\t\t<div class=\"elementor-widget-container\">\n\t\t\t\t\t\n\t\t<table class=\"ee-table ee-table--even ee-table--rules\">\n\n\t\t\t\t\t\t<colgroup>\n\t\t\t\t\t\t\t\t<col span=\"1\" class=\"elementor-repeater-item-df8980f\">\n\t\t\t\t\t\t\t<\/colgroup>\n\t\t<thead>\n\t\t\t<tr class=\"ee-table__row\">\n\n\t\t\t<th class=\"ee-table__cell elementor-repeater-item-6e17d5e\">\n\t\t\t\t\t<span class=\"ee-table__text\"><span class=\"ee-table__text__inner\">CURSO<\/span>\n\n\t\t\t\t\t\t\n\t\t\t\t\t<\/span>\n\t\t\t\t<\/th>\n\n\t\t\t<th class=\"ee-table__cell elementor-repeater-item-28f7720\">\n\t\t\t\t\t<span class=\"ee-table__text\"><span class=\"ee-table__text__inner\">EXAMEN<\/span>\n\n\t\t\t\t\t\t\n\t\t\t\t\t<\/span>\n\t\t\t\t<\/th>\n\n\t\t\t\t\t\t<\/tr>\n\t\t<\/thead><tbody><tr class=\"ee-table__row elementor-repeater-item-68457eb\">\n\t\t<td class=\"ee-table__cell elementor-repeater-item-e41c92f\" data-title=\"CURSO\">\n\t\t\t<span class=\"ee-table__text\"><span class=\"ee-table__text__inner\">Ingl\u00e9s Doctorados 1<\/span>\n\n\t\t\t<\/span>\n\t\t<\/td><td class=\"ee-table__cell elementor-repeater-item-5e970f7\" data-title=\"EXAMEN\">\n\t\t\t<span class=\"ee-table__text\"><span class=\"ee-table__text__inner\">Clasificar en IPD 2 o TOEFL: 80 o IELTS: 6,5<\/span>\n\n\t\t\t<\/span>\n\t\t<\/td><\/tr><tr class=\"ee-table__row elementor-repeater-item-05c4a7a\">\n\n\t\t<td class=\"ee-table__cell elementor-repeater-item-466c3eb\" data-title=\"CURSO\">\n\t\t\t<span class=\"ee-table__text\"><span class=\"ee-table__text__inner\">Ingl\u00e9s Doctorados 2<\/span>\n\n\t\t\t<\/span>\n\t\t<\/td><td class=\"ee-table__cell elementor-repeater-item-640b360\" data-title=\"EXAMEN\">\n\t\t\t<span class=\"ee-table__text\"><span class=\"ee-table__text__inner\">Clasificar en IPD 3 o TOEFL: 80 o IELTS: 6,5\u200b<\/span>\n\n\t\t\t<\/span>\n\t\t<\/td><\/tr><tr class=\"ee-table__row elementor-repeater-item-32a2922\">\n\n\t\t<td class=\"ee-table__cell elementor-repeater-item-62f8fc0\" data-title=\"CURSO\">\n\t\t\t<span class=\"ee-table__text\"><span class=\"ee-table__text__inner\">Ingl\u00e9s Doctorados 3<\/span>\n\n\t\t\t<\/span>\n\t\t<\/td><td class=\"ee-table__cell elementor-repeater-item-e50ab72\" data-title=\"EXAMEN\">\n\t\t\t<span class=\"ee-table__text\"><span class=\"ee-table__text__inner\">Clasificar en IPD 4<\/span>\n\n\t\t\t<\/span>\n\t\t<\/td><\/tr><tr class=\"ee-table__row elementor-repeater-item-3f8bd97\">\n\n\t\t<td class=\"ee-table__cell elementor-repeater-item-fd9a3c4\" data-title=\"CURSO\">\n\t\t\t<span class=\"ee-table__text\"><span class=\"ee-table__text__inner\">Ingl\u00e9s Doctorados 4<\/span>\n\n\t\t\t<\/span>\n\t\t<\/td><td class=\"ee-table__cell elementor-repeater-item-4caf2f1\" data-title=\"EXAMEN\">\n\t\t\t<span class=\"ee-table__text\"><span class=\"ee-table__text__inner\">Clasificar en IPD 4 y Art\u00edculo publicado en ingl\u00e9s como \u00fanico o primer autor en revista indexada y  prueba de exenci\u00f3n, previa solicitud desde programa<\/span>\n\n\t\t\t<\/span>\n\t\t<\/td><\/tr><tr class=\"ee-table__row elementor-repeater-item-d563ccc\">\n\n\t\t<\/tr>\n\t\t\t<\/tbody>\n\t\t<\/table>\n\n\t\t\t\t<\/div>\n\t\t\t\t<\/div>\n\t\t\t\t\t<\/div>\n\t\t<\/div>\n\t\t\t\t\t<\/div>\n\t\t<\/section>\n\t\t\t\t<\/div>\n\t\t","protected":false},"excerpt":{"rendered":"<p>Requisitos para estudiantes de posgrado 1. Requisito de idiomas posgrado &#8211; Maestr\u00edas y especializaciones Los estudiantes de algunos programas de&#8230;<\/p>\n","protected":false},"author":10,"featured_media":6175,"parent":6066,"menu_order":0,"comment_status":"closed","ping_status":"closed","template":"","meta":{"_acf_changed":false,"footnotes":""},"class_list":["post-6174","page","type-page","status-publish","has-post-thumbnail","hentry"],"acf":[],"otros_campos":false,"_links":{"self":[{"href":"https:\/\/cienciassociales.uniandes.edu.co\/lenguas-cultura\/wp-json\/wp\/v2\/pages\/6174","targetHints":{"allow":["GET"]}}],"collection":[{"href":"https:\/\/cienciassociales.uniandes.edu.co\/lenguas-cultura\/wp-json\/wp\/v2\/pages"}],"about":[{"href":"https:\/\/cienciassociales.uniandes.edu.co\/lenguas-cultura\/wp-json\/wp\/v2\/types\/page"}],"author":[{"embeddable":true,"href":"https:\/\/cienciassociales.uniandes.edu.co\/lenguas-cultura\/wp-json\/wp\/v2\/users\/10"}],"replies":[{"embeddable":true,"href":"https:\/\/cienciassociales.uniandes.edu.co\/lenguas-cultura\/wp-json\/wp\/v2\/comments?post=6174"}],"version-history":[{"count":0,"href":"https:\/\/cienciassociales.uniandes.edu.co\/lenguas-cultura\/wp-json\/wp\/v2\/pages\/6174\/revisions"}],"up":[{"embeddable":true,"href":"https:\/\/cienciassociales.uniandes.edu.co\/lenguas-cultura\/wp-json\/wp\/v2\/pages\/6066"}],"wp:featuredmedia":[{"embeddable":true,"href":"https:\/\/cienciassociales.uniandes.edu.co\/lenguas-cultura\/wp-json\/wp\/v2\/media\/6175"}],"wp:attachment":[{"href":"https:\/\/cienciassociales.uniandes.edu.co\/lenguas-cultura\/wp-json\/wp\/v2\/media?parent=6174"}],"curies":[{"name":"wp","href":"https:\/\/api.w.org\/{rel}","templated":true}]}}