{"id":3277,"date":"2020-10-30T18:51:38","date_gmt":"2020-10-30T23:51:38","guid":{"rendered":"https:\/\/cienciassociales.uniandes.edu.co\/lenguas-cultura\/?page_id=3277"},"modified":"2024-10-21T12:32:13","modified_gmt":"2024-10-21T17:32:13","slug":"sala-rosetta","status":"publish","type":"page","link":"https:\/\/cienciassociales.uniandes.edu.co\/lenguas-cultura\/servicios\/recursos-linguisticos\/sala-rosetta\/","title":{"rendered":"Sala Rosetta"},"content":{"rendered":"\t\t<div data-elementor-type=\"wp-page\" data-elementor-id=\"3277\" class=\"elementor elementor-3277\" data-elementor-post-type=\"page\">\n\t\t\t\t\t\t<section class=\"has_ae_slider elementor-section elementor-top-section elementor-element elementor-element-89b8b5a elementor-section-height-min-height elementor-section-full_width elementor-section-height-default elementor-section-items-middle ae-bg-gallery-type-default\" data-id=\"89b8b5a\" data-element_type=\"section\" data-settings=\"{&quot;background_background&quot;:&quot;classic&quot;}\">\n\t\t\t\t\t\t\t<div class=\"elementor-background-overlay\"><\/div>\n\t\t\t\t\t\t\t<div class=\"elementor-container elementor-column-gap-default\">\n\t\t\t\t\t<div class=\"has_ae_slider elementor-column elementor-col-100 elementor-top-column elementor-element elementor-element-3b90feb ae-bg-gallery-type-default\" data-id=\"3b90feb\" data-element_type=\"column\">\n\t\t\t<div class=\"elementor-widget-wrap\">\n\t\t\t\t\t\t\t<\/div>\n\t\t<\/div>\n\t\t\t\t\t<\/div>\n\t\t<\/section>\n\t\t\t\t<section class=\"has_ae_slider elementor-section elementor-top-section elementor-element elementor-element-4ecf9f8 inside-content elementor-section-boxed elementor-section-height-default elementor-section-height-default ae-bg-gallery-type-default\" data-id=\"4ecf9f8\" data-element_type=\"section\">\n\t\t\t\t\t\t<div class=\"elementor-container elementor-column-gap-default\">\n\t\t\t\t\t<div class=\"has_ae_slider elementor-column elementor-col-100 elementor-top-column elementor-element elementor-element-c7d2542 ae-bg-gallery-type-default\" data-id=\"c7d2542\" data-element_type=\"column\">\n\t\t\t<div class=\"elementor-widget-wrap elementor-element-populated\">\n\t\t\t\t\t\t<div class=\"elementor-element elementor-element-2841034 elementor-widget elementor-widget-heading\" data-id=\"2841034\" data-element_type=\"widget\" data-widget_type=\"heading.default\">\n\t\t\t\t<div class=\"elementor-widget-container\">\n\t\t\t<h1 class=\"elementor-heading-title elementor-size-default\">\u00bfQu\u00e9 es Sala Rosetta?<\/h1>\t\t<\/div>\n\t\t\t\t<\/div>\n\t\t\t\t<div class=\"elementor-element elementor-element-16bcda1 elementor-widget elementor-widget-video\" data-id=\"16bcda1\" data-element_type=\"widget\" data-settings=\"{&quot;youtube_url&quot;:&quot;https:\\\/\\\/www.youtube.com\\\/watch?v=IGJC6-btya0&quot;,&quot;video_type&quot;:&quot;youtube&quot;,&quot;controls&quot;:&quot;yes&quot;}\" data-widget_type=\"video.default\">\n\t\t\t\t<div class=\"elementor-widget-container\">\n\t\t\t\t\t<div class=\"elementor-wrapper elementor-open-inline\">\n\t\t\t<div class=\"elementor-video\"><\/div>\t\t<\/div>\n\t\t\t\t<\/div>\n\t\t\t\t<\/div>\n\t\t\t\t<div class=\"elementor-element elementor-element-d651908 elementor-widget elementor-widget-text-editor\" data-id=\"d651908\" data-element_type=\"widget\" data-widget_type=\"text-editor.default\">\n\t\t\t\t<div class=\"elementor-widget-container\">\n\t\t\t\t\t\t\t<p>La Sala Rosetta es un centro de apoyo gratuito del Departamento de Lenguas y Cultura a estudiantes de lenguas extranjeras en la Universidad de Los Andes, excepto ingl\u00e9s (el servicio lo presta Coffee Time).<\/p><p>Ofrecemos tutor\u00edas de<span>\u00a0<\/span><strong>franc\u00e9s, italiano, portugu\u00e9s, japon\u00e9s, alem\u00e1n<\/strong>. Adem\u00e1s. A partir de 2019-10 tambi\u00e9n apoyamos procesos de<span>\u00a0<\/span><strong>espa\u00f1ol para extranjeros<\/strong>.<\/p><p>Conoce nuestro perfil de Instagram:<\/p>\t\t\t\t\t\t<\/div>\n\t\t\t\t<\/div>\n\t\t\t\t<div class=\"elementor-element elementor-element-737b1ef elementor-shape-circle e-grid-align-left elementor-grid-0 elementor-widget elementor-widget-social-icons\" data-id=\"737b1ef\" data-element_type=\"widget\" data-widget_type=\"social-icons.default\">\n\t\t\t\t<div class=\"elementor-widget-container\">\n\t\t\t\t\t<div class=\"elementor-social-icons-wrapper elementor-grid\">\n\t\t\t\t\t\t\t<span class=\"elementor-grid-item\">\n\t\t\t\t\t<a class=\"elementor-icon elementor-social-icon elementor-social-icon-instagram elementor-repeater-item-034db98\" href=\"https:\/\/www.instagram.com\/salarosetta_uniandes?igsh=c2lyNThnbnU3bHoy&#038;utm_source=qr\" target=\"_blank\" rel=\"noopener\">\n\t\t\t\t\t\t<span class=\"elementor-screen-only\">Instagram<\/span>\n\t\t\t\t\t\t<i class=\"fab fa-instagram\"><\/i>\t\t\t\t\t<\/a>\n\t\t\t\t<\/span>\n\t\t\t\t\t<\/div>\n\t\t\t\t<\/div>\n\t\t\t\t<\/div>\n\t\t\t\t<div class=\"elementor-element elementor-element-d0069c7 elementor-widget elementor-widget-text-editor\" data-id=\"d0069c7\" data-element_type=\"widget\" data-widget_type=\"text-editor.default\">\n\t\t\t\t<div class=\"elementor-widget-container\">\n\t\t\t\t\t\t\t<p><span style=\"color: #000000; font-family: 'Source Sans Pro', sans-serif; font-size: 2.214rem; font-weight: 400; text-align: left;\">\u00bfQui\u00e9nes son los tutores?<\/span><\/p><p>Son estudiantes de pregrado, en su mayor\u00eda de Lenguas y Cultura. Ellos tienen un nivel avanzado en las lenguas que se ofrecen en el centro de apoyo y se destacan por su motivaci\u00f3n por apoyar el proceso de aprendizaje de sus compa\u00f1eros.<\/p><h2>\u00bfC\u00f3mo funcionan las tutor\u00edas de lenguas extranjeras Sala Rosetta?<\/h2><p>El acompa\u00f1amiento se ofrece en dos modalidades:<\/p><ol><li>Tutor\u00edas individuales: se reservan en\u00a0<a href=\"https:\/\/rosetta.bookeau.com\/\" target=\"_blank\" rel=\"noopener\">https:\/\/rosetta.bookeau.com\/<\/a><br \/>El tutor ayuda al estudiante a resolver dudas, revisar sus escritos o tareas y reforzar las habilidades trabajadas en clase. Tambi\u00e9n se puede asistir a sesiones de conversaci\u00f3n.<\/li><li>Talleres grupales: enviamos regularmente v\u00eda correo electr\u00f3nico invitaciones a talleres. Estas son sesiones de actividades din\u00e1micas en las que ayudamos a los asistentes a reforzar temas de los cursos (gram\u00e1tica, fon\u00e9tica, vocabulario, entre otros.), o abordamos el contenido sociocultural de los cursos. Los talleres est\u00e1n dise\u00f1ados para distintos niveles.<\/li><\/ol><p><a href=\"https:\/\/rosetta.bookeau.com\/\" target=\"_blank\" rel=\"noopener\">Agende su cita para tutor\u00eda de lenguas extranjeras\u00a0<\/a><\/p><h2>\u00bfD\u00f3nde est\u00e1 ubicada Sala Rosetta?<\/h2><p>La Sala Rosetta est\u00e1 ubicada en el Edificio Julio Mario Santo Domingo, SD piso 2.<\/p><h2>\u00bfEn qu\u00e9 horarios funciona Sala Rosetta?<\/h2><p>Hay monitores disponibles de lunes a viernes de 8:00 a.m. a 5:00 p.m.<\/p>\t\t\t\t\t\t<\/div>\n\t\t\t\t<\/div>\n\t\t\t\t<div class=\"elementor-element elementor-element-2cac579 c-accent elementor-widget elementor-widget-text-editor\" data-id=\"2cac579\" data-element_type=\"widget\" data-widget_type=\"text-editor.default\">\n\t\t\t\t<div class=\"elementor-widget-container\">\n\t\t\t\t\t\t\t<p>Los estudiantes pueden asistir al centro de apoyo incluso si no est\u00e1n inscritos a un curso de lengua, pero los tutores no ense\u00f1an lenguas desde el nivel inicial, sino que apoyan el proceso de formaci\u00f3n que se hace en las clases.\u00a0<\/p>\t\t\t\t\t\t<\/div>\n\t\t\t\t<\/div>\n\t\t\t\t\t<\/div>\n\t\t<\/div>\n\t\t\t\t\t<\/div>\n\t\t<\/section>\n\t\t\t\t<section class=\"has_ae_slider elementor-section elementor-top-section elementor-element elementor-element-ce282d1 elementor-section-boxed elementor-section-height-default elementor-section-height-default ae-bg-gallery-type-default\" data-id=\"ce282d1\" data-element_type=\"section\">\n\t\t\t\t\t\t<div class=\"elementor-container elementor-column-gap-default\">\n\t\t\t\t\t<div class=\"has_ae_slider elementor-column elementor-col-100 elementor-top-column elementor-element elementor-element-a373351 ae-bg-gallery-type-default\" data-id=\"a373351\" data-element_type=\"column\">\n\t\t\t<div class=\"elementor-widget-wrap elementor-element-populated\">\n\t\t\t\t\t\t<div class=\"elementor-element elementor-element-46d65e5 c-accent elementor-widget elementor-widget-heading\" data-id=\"46d65e5\" data-element_type=\"widget\" data-widget_type=\"heading.default\">\n\t\t\t\t<div class=\"elementor-widget-container\">\n\t\t\t<p class=\"elementor-heading-title elementor-size-default\">Enlaces de inter\u00e9s<\/p>\t\t<\/div>\n\t\t\t\t<\/div>\n\t\t\t\t<section class=\"has_ae_slider elementor-section elementor-inner-section elementor-element elementor-element-ffa3343 elementor-section-boxed elementor-section-height-default elementor-section-height-default ae-bg-gallery-type-default\" data-id=\"ffa3343\" data-element_type=\"section\">\n\t\t\t\t\t\t<div class=\"elementor-container elementor-column-gap-default\">\n\t\t\t\t\t<div class=\"has_ae_slider elementor-column elementor-col-33 elementor-inner-column elementor-element elementor-element-f13fb49 ae-bg-gallery-type-default\" data-id=\"f13fb49\" data-element_type=\"column\">\n\t\t\t<div class=\"elementor-widget-wrap elementor-element-populated\">\n\t\t\t\t\t\t<div class=\"elementor-element elementor-element-9ff32b2 elementor-align-justify elementor-widget elementor-widget-button\" data-id=\"9ff32b2\" data-element_type=\"widget\" data-widget_type=\"button.default\">\n\t\t\t\t<div class=\"elementor-widget-container\">\n\t\t\t\t\t<div class=\"elementor-button-wrapper\">\n\t\t\t<a class=\"elementor-button elementor-button-link elementor-size-sm\" href=\"https:\/\/cienciassociales.uniandes.edu.co\/lenguas-cultura\/el-departamento\/requisitos-lengua-grado-uniandes\/\">\n\t\t\t\t\t\t<span class=\"elementor-button-content-wrapper\">\n\t\t\t\t\t\t\t\t\t<span class=\"elementor-button-text\">Requisitos de Lengua para estudiantes Uniandes<\/span>\n\t\t\t\t\t<\/span>\n\t\t\t\t\t<\/a>\n\t\t<\/div>\n\t\t\t\t<\/div>\n\t\t\t\t<\/div>\n\t\t\t\t\t<\/div>\n\t\t<\/div>\n\t\t\t\t<div class=\"has_ae_slider elementor-column elementor-col-33 elementor-inner-column elementor-element elementor-element-9810dfe ae-bg-gallery-type-default\" data-id=\"9810dfe\" data-element_type=\"column\">\n\t\t\t<div class=\"elementor-widget-wrap elementor-element-populated\">\n\t\t\t\t\t\t<div class=\"elementor-element elementor-element-937df12 elementor-align-justify elementor-widget elementor-widget-button\" data-id=\"937df12\" data-element_type=\"widget\" data-widget_type=\"button.default\">\n\t\t\t\t<div class=\"elementor-widget-container\">\n\t\t\t\t\t<div class=\"elementor-button-wrapper\">\n\t\t\t<a class=\"elementor-button elementor-button-link elementor-size-sm\" href=\"https:\/\/cienciassociales.uniandes.edu.co\/lenguas-cultura\/cursos\">\n\t\t\t\t\t\t<span class=\"elementor-button-content-wrapper\">\n\t\t\t\t\t\t\t\t\t<span class=\"elementor-button-text\">Cursos de Lenguas para p\u00fablico general <\/span>\n\t\t\t\t\t<\/span>\n\t\t\t\t\t<\/a>\n\t\t<\/div>\n\t\t\t\t<\/div>\n\t\t\t\t<\/div>\n\t\t\t\t\t<\/div>\n\t\t<\/div>\n\t\t\t\t<div class=\"has_ae_slider elementor-column elementor-col-33 elementor-inner-column elementor-element elementor-element-fca071e ae-bg-gallery-type-default\" data-id=\"fca071e\" data-element_type=\"column\">\n\t\t\t<div class=\"elementor-widget-wrap elementor-element-populated\">\n\t\t\t\t\t\t<div class=\"elementor-element elementor-element-5453207 elementor-align-justify elementor-widget elementor-widget-button\" data-id=\"5453207\" data-element_type=\"widget\" data-widget_type=\"button.default\">\n\t\t\t\t<div class=\"elementor-widget-container\">\n\t\t\t\t\t<div class=\"elementor-button-wrapper\">\n\t\t\t<a class=\"elementor-button elementor-button-link elementor-size-sm\" href=\"https:\/\/cienciassociales.uniandes.edu.co\/lenguas-cultura\/servicios\/examenes-oficiales-lenguas\/\">\n\t\t\t\t\t\t<span class=\"elementor-button-content-wrapper\">\n\t\t\t\t\t\t\t\t\t<span class=\"elementor-button-text\">Ex\u00e1menes oficiales de lenguas en Colombia<\/span>\n\t\t\t\t\t<\/span>\n\t\t\t\t\t<\/a>\n\t\t<\/div>\n\t\t\t\t<\/div>\n\t\t\t\t<\/div>\n\t\t\t\t\t<\/div>\n\t\t<\/div>\n\t\t\t\t\t<\/div>\n\t\t<\/section>\n\t\t\t\t\t<\/div>\n\t\t<\/div>\n\t\t\t\t\t<\/div>\n\t\t<\/section>\n\t\t\t\t<\/div>\n\t\t","protected":false},"excerpt":{"rendered":"<p>\u00bfQu\u00e9 es Sala Rosetta? https:\/\/www.youtube.com\/watch?v=IGJC6-btya0 La Sala Rosetta es un centro de apoyo gratuito del Departamento de Lenguas y Cultura&#8230;<\/p>\n","protected":false},"author":42,"featured_media":31979,"parent":3121,"menu_order":0,"comment_status":"closed","ping_status":"closed","template":"","meta":{"_acf_changed":false,"footnotes":""},"class_list":["post-3277","page","type-page","status-publish","has-post-thumbnail","hentry"],"acf":[],"otros_campos":false,"_links":{"self":[{"href":"https:\/\/cienciassociales.uniandes.edu.co\/lenguas-cultura\/wp-json\/wp\/v2\/pages\/3277","targetHints":{"allow":["GET"]}}],"collection":[{"href":"https:\/\/cienciassociales.uniandes.edu.co\/lenguas-cultura\/wp-json\/wp\/v2\/pages"}],"about":[{"href":"https:\/\/cienciassociales.uniandes.edu.co\/lenguas-cultura\/wp-json\/wp\/v2\/types\/page"}],"author":[{"embeddable":true,"href":"https:\/\/cienciassociales.uniandes.edu.co\/lenguas-cultura\/wp-json\/wp\/v2\/users\/42"}],"replies":[{"embeddable":true,"href":"https:\/\/cienciassociales.uniandes.edu.co\/lenguas-cultura\/wp-json\/wp\/v2\/comments?post=3277"}],"version-history":[{"count":0,"href":"https:\/\/cienciassociales.uniandes.edu.co\/lenguas-cultura\/wp-json\/wp\/v2\/pages\/3277\/revisions"}],"up":[{"embeddable":true,"href":"https:\/\/cienciassociales.uniandes.edu.co\/lenguas-cultura\/wp-json\/wp\/v2\/pages\/3121"}],"wp:featuredmedia":[{"embeddable":true,"href":"https:\/\/cienciassociales.uniandes.edu.co\/lenguas-cultura\/wp-json\/wp\/v2\/media\/31979"}],"wp:attachment":[{"href":"https:\/\/cienciassociales.uniandes.edu.co\/lenguas-cultura\/wp-json\/wp\/v2\/media?parent=3277"}],"curies":[{"name":"wp","href":"https:\/\/api.w.org\/{rel}","templated":true}]}}