{"id":2095,"date":"2020-07-08T18:11:22","date_gmt":"2020-07-08T23:11:22","guid":{"rendered":"https:\/\/cienciassociales.uniandes.edu.co\/filosofia\/novedades\/blogs\/"},"modified":"2021-02-11T14:35:09","modified_gmt":"2021-02-11T19:35:09","slug":"blogs","status":"publish","type":"page","link":"https:\/\/cienciassociales.uniandes.edu.co\/filosofia\/novedades\/blogs\/","title":{"rendered":"Blogs"},"content":{"rendered":"\t\t<div data-elementor-type=\"wp-page\" data-elementor-id=\"2095\" class=\"elementor elementor-2095\" data-elementor-post-type=\"page\">\n\t\t\t\t\t\t<section class=\"has_ae_slider elementor-section elementor-top-section elementor-element elementor-element-101c39c elementor-section-boxed elementor-section-height-default elementor-section-height-default ae-bg-gallery-type-default\" data-id=\"101c39c\" data-element_type=\"section\" data-settings=\"{&quot;background_background&quot;:&quot;classic&quot;}\">\n\t\t\t\t\t\t<div class=\"elementor-container elementor-column-gap-default\">\n\t\t\t\t\t<div class=\"has_ae_slider elementor-column elementor-col-100 elementor-top-column elementor-element elementor-element-ffa050a ae-bg-gallery-type-default\" data-id=\"ffa050a\" data-element_type=\"column\">\n\t\t\t<div class=\"elementor-widget-wrap elementor-element-populated\">\n\t\t\t\t\t\t<div class=\"elementor-element elementor-element-e2f53c1 elementor-widget elementor-widget-heading\" data-id=\"e2f53c1\" data-element_type=\"widget\" data-widget_type=\"heading.default\">\n\t\t\t\t<div class=\"elementor-widget-container\">\n\t\t\t<h1 class=\"elementor-heading-title elementor-size-default\">Blogs<\/h1>\t\t<\/div>\n\t\t\t\t<\/div>\n\t\t\t\t<section class=\"has_ae_slider elementor-section elementor-inner-section elementor-element elementor-element-76e6154 elementor-section-boxed elementor-section-height-default elementor-section-height-default ae-bg-gallery-type-default\" data-id=\"76e6154\" data-element_type=\"section\">\n\t\t\t\t\t\t<div class=\"elementor-container elementor-column-gap-default\">\n\t\t\t\t\t<div class=\"has_ae_slider elementor-column elementor-col-50 elementor-inner-column elementor-element elementor-element-89a15a8 left-calendar ae-bg-gallery-type-default\" data-id=\"89a15a8\" data-element_type=\"column\">\n\t\t\t<div class=\"elementor-widget-wrap elementor-element-populated\">\n\t\t\t\t\t\t<div class=\"elementor-element elementor-element-975650d filtros filtro-unico elementor-widget elementor-widget-shortcode\" data-id=\"975650d\" data-element_type=\"widget\" data-widget_type=\"shortcode.default\">\n\t\t\t\t<div class=\"elementor-widget-container\">\n\t\t\t\t\t<div class=\"elementor-shortcode\"><form data-sf-form-id='3094' data-is-rtl='0' data-maintain-state='' data-results-url='https:\/\/cienciassociales.uniandes.edu.co\/filosofia\/blogs\/' data-ajax-url='https:\/\/cienciassociales.uniandes.edu.co\/filosofia\/?sfid=3094&amp;sf_action=get_data&amp;sf_data=results' data-ajax-form-url='https:\/\/cienciassociales.uniandes.edu.co\/filosofia\/?sfid=3094&amp;sf_action=get_data&amp;sf_data=form' data-display-result-method='shortcode' data-use-history-api='1' data-template-loaded='0' data-lang-code='es' data-ajax='1' data-ajax-data-type='json' data-ajax-links-selector='.pagination a' data-ajax-target='#search-filter-results-3094' data-ajax-pagination-type='normal' data-update-ajax-url='1' data-only-results-ajax='1' data-scroll-to-pos='form' data-scroll-on-action='pagination' data-init-paged='1' data-auto-update='' action='https:\/\/cienciassociales.uniandes.edu.co\/filosofia\/blogs\/' method='post' class='searchandfilter' id='search-filter-form-3094' autocomplete='off' data-instance-count='1'><ul><li class=\"sf-field-search\" data-sf-field-name=\"search\" data-sf-field-type=\"search\" data-sf-field-input-type=\"\">\t\t<label><input placeholder=\"Buscar blog...\" name=\"_sf_search[]\" class=\"sf-input-text\" type=\"text\" value=\"\" title=\"\"><\/label>\t\t<\/li><li class=\"sf-field-submit\" data-sf-field-name=\"submit\" data-sf-field-type=\"submit\" data-sf-field-input-type=\"\"><input type=\"submit\" name=\"_sf_submit\" value=\"Buscar\"><\/li><\/ul><\/form><\/div>\n\t\t\t\t<\/div>\n\t\t\t\t<\/div>\n\t\t\t\t<div class=\"elementor-element elementor-element-d64f479 ee-calendar-skin--compact ee-calendar-event-title--no-wrap ee-calendar-arrows-position--sides elementor-widget elementor-widget-ee-calendar\" data-id=\"d64f479\" data-element_type=\"widget\" data-settings=\"{&quot;link_is_external&quot;:&quot;yes&quot;,&quot;day_monday&quot;:&quot;Lun&quot;,&quot;day_tuesday&quot;:&quot;Mar&quot;,&quot;day_wednesday&quot;:&quot;Mie&quot;,&quot;day_thursday&quot;:&quot;Jue&quot;,&quot;day_friday&quot;:&quot;Vie&quot;,&quot;day_saturday&quot;:&quot;Sab&quot;,&quot;day_sunday&quot;:&quot;Dom&quot;,&quot;month_january&quot;:&quot;Enero&quot;,&quot;month_february&quot;:&quot;Febrero&quot;,&quot;month_march&quot;:&quot;Marzo&quot;,&quot;month_april&quot;:&quot;Abril&quot;,&quot;month_may&quot;:&quot;Mayo&quot;,&quot;month_june&quot;:&quot;Junio&quot;,&quot;month_july&quot;:&quot;Julio&quot;,&quot;month_august&quot;:&quot;Agosto&quot;,&quot;month_september&quot;:&quot;Septiembre&quot;,&quot;month_october&quot;:&quot;Octubre&quot;,&quot;month_november&quot;:&quot;Noviembre&quot;,&quot;month_december&quot;:&quot;Diciembre&quot;,&quot;event_list_heading&quot;:&quot;Noticias este mes&quot;,&quot;event_date_format&quot;:&quot;MMMM D&quot;,&quot;first_day&quot;:&quot;1&quot;,&quot;default_current_month&quot;:&quot;yes&quot;,&quot;link&quot;:&quot;yes&quot;,&quot;link_archive&quot;:&quot;yes&quot;}\" data-widget_type=\"ee-calendar.default\">\n\t\t\t\t<div class=\"elementor-widget-container\">\n\t\t\t\t\t<div class=\"ee-calendar\">\n\t\t\t<div class=\"ee-calendar-event\" data-archive=\"https:\/\/cienciassociales.uniandes.edu.co\/filosofia\/2020\/11\/18\/\" data-target=\"_blank\" data-rel=\"\" data-link=\"https:\/\/cienciassociales.uniandes.edu.co\/filosofia\/blogs\/the-politics-of-bodies-philosophical-emancipation-with-and-beyond-ranciere\/\" data-start=\"2020-11-18 16:22:08\" data-end=\"2020-11-18 16:22:08\" data-before=\"\" data-after=\"\">The Politics of Bodies. Philosophical Emancipation With and Beyond Ranci\u00e8re<\/div><\/div>\t\t<\/div>\n\t\t\t\t<\/div>\n\t\t\t\t\t<\/div>\n\t\t<\/div>\n\t\t\t\t<div class=\"has_ae_slider elementor-column elementor-col-50 elementor-inner-column elementor-element elementor-element-ce7e431 ae-bg-gallery-type-default\" data-id=\"ce7e431\" data-element_type=\"column\">\n\t\t\t<div class=\"elementor-widget-wrap elementor-element-populated\">\n\t\t\t\t\t\t<div class=\"elementor-element elementor-element-d72bdf9 ae-post-layout-list elementor-widget elementor-widget-ae-post-blocks\" data-id=\"d72bdf9\" data-element_type=\"widget\" data-widget_type=\"ae-post-blocks.default\">\n\t\t\t\t<div class=\"elementor-widget-container\">\n\t\t\t\t\t\t\t\t<div class=\"ae-post-overlay\">\n\t\t\t\t<div class=\"ae-post-overlay-wrapper\">\n\t\t\t\t\t<div class=\"ae-post-overlay-icon\">\n\t\t\t\t\t\t<i aria-hidden=\"true\" class=\"fa fa-sync\"><\/i>\t\t\t\t\t<\/div>\n\t\t\t\t\t<div class=\"ae-post-overlay-text\">\n\t\t\t\t\t\tLoading...\t\t\t\t\t<\/div>\n\t\t\t\t<\/div>\n\t\t\t<\/div>\n\t\t\n\t\t\t\t\t\t\t\t<div data-pid=\"2095\" data-wid=\"d72bdf9\" data-source=\"blog\" class=\"ae-post-widget-wrapper ae-masonry- ae-hpos- ae-vpos-\" data-disable_scroll_on_ajax_load=\"no\" data-pagination_scroll_top_offset=\"\">\n\t\t\n\t\t\t\t<div class=\"ae-post-list-wrapper\">\n\t\t\t\n\t\t<article class=\"ae-post-list-item ae-post-list-item-d72bdf9\">\n\t\t\t<div class=\"ae-article-inner\">\n\t\t\t\t\t\t\t\t<div class=\"ae_data elementor elementor-1504\">\n\t\t\t\t\t\t\t\t\t\t\t<div data-elementor-type=\"wp-post\" data-elementor-id=\"1504\" class=\"elementor elementor-1504\" data-elementor-post-type=\"ae_global_templates\">\n\t\t\t\t\t\t<section class=\"has_ae_slider elementor-section elementor-top-section elementor-element elementor-element-4107e95 elementor-section-boxed elementor-section-height-default elementor-section-height-default ae-bg-gallery-type-default\" data-id=\"4107e95\" data-element_type=\"section\">\n\t\t\t\t\t\t<div class=\"elementor-container elementor-column-gap-default\">\n\t\t\t\t\t<div class=\"has_ae_slider elementor-column elementor-col-100 elementor-top-column elementor-element elementor-element-a4b35db ae-bg-gallery-type-default\" data-id=\"a4b35db\" data-element_type=\"column\">\n\t\t\t<div class=\"elementor-widget-wrap elementor-element-populated\">\n\t\t\t\t\t\t<section class=\"has_ae_slider elementor-section elementor-inner-section elementor-element elementor-element-bb3182b elementor-section-content-middle elementor-section-boxed elementor-section-height-default elementor-section-height-default ae-bg-gallery-type-default\" data-id=\"bb3182b\" data-element_type=\"section\" data-settings=\"{&quot;background_background&quot;:&quot;classic&quot;}\">\n\t\t\t\t\t\t<div class=\"elementor-container elementor-column-gap-default\">\n\t\t\t\t\t<div class=\"has_ae_slider elementor-column elementor-col-50 elementor-inner-column elementor-element elementor-element-a17adf7 ae-bg-gallery-type-default\" data-id=\"a17adf7\" data-element_type=\"column\">\n\t\t\t<div class=\"elementor-widget-wrap elementor-element-populated\">\n\t\t\t\t\t\t<div class=\"elementor-element elementor-element-b24db35 elementor-widget elementor-widget-image\" data-id=\"b24db35\" data-element_type=\"widget\" data-widget_type=\"image.default\">\n\t\t\t\t<div class=\"elementor-widget-container\">\n\t\t\t\t\t\t\t\t\t\t\t\t\t\t<a href=\"https:\/\/cienciassociales.uniandes.edu.co\/filosofia\/blogs\/the-politics-of-bodies-philosophical-emancipation-with-and-beyond-ranciere\/\">\n\t\t\t\t\t\t\t<img decoding=\"async\" src=\"https:\/\/cienciassociales.uniandes.edu.co\/filosofia\/wp-content\/uploads\/sites\/10\/elementor\/thumbs\/captura-de-pantalla-2021-01-23-a-las-111639-am-q380axxwsui1x04nbriblxc73xyj1ms18wxjfqcvtc.png\" title=\"Captura De Pantalla 2021 01 23 A La(s) 11.16.39 A.m.\" alt=\"Captura De Pantalla 2021 01 23 A La(s) 11.16.39 A.m.\" loading=\"lazy\" \/>\t\t\t\t\t\t\t\t<\/a>\n\t\t\t\t\t\t\t\t\t\t\t\t\t<\/div>\n\t\t\t\t<\/div>\n\t\t\t\t\t<\/div>\n\t\t<\/div>\n\t\t\t\t<div class=\"has_ae_slider elementor-column elementor-col-50 elementor-inner-column elementor-element elementor-element-b2b8994 plus-container ae-bg-gallery-type-default\" data-id=\"b2b8994\" data-element_type=\"column\">\n\t\t\t<div class=\"elementor-widget-wrap elementor-element-populated\">\n\t\t\t\t\t\t<div class=\"elementor-element elementor-element-c74d997 c-secondary elementor-widget elementor-widget-ae-post-meta\" data-id=\"c74d997\" data-element_type=\"widget\" data-settings=\"{&quot;layout_mode&quot;:&quot;vertical&quot;}\" data-widget_type=\"ae-post-meta.default\">\n\t\t\t\t<div class=\"elementor-widget-container\">\n\t\t\t\t\t\t<div class=\"ae-post-meta-list-wrapper ae-pm-layout-vertical ae-pm-layout-tablet- ae-pm-layout-mobile-\">\n\t\t\t\t\t\t<div class=\"ae-post-meta-item-wrapper ae-post-date-11-18-2020\">\n\t\t\t\t\t\t<span class=\"ae-element-post-date-label\">\n\t\t\t\t\t\t\t<\/span>\n\t\t\t<span class=\"ae-element-post-date\" title=\"9:22 PM\" rel=\"date\">\n\t\t\t\t\t\t\t<a href=\"#\" class=\"ae-element-post-date\" title=\"9:22 PM\" rel=\"date\">mi\u00e9rcoles, 18 de noviembre de 2020<\/a>\n\t\t\t\t\t\t<\/span>\n\t\t<\/div>\n\t\t\t\t\t<\/div>\n\t\t\t\t\t<\/div>\n\t\t\t\t<\/div>\n\t\t\t\t<div class=\"elementor-element elementor-element-b116376 elementor-widget elementor-widget-heading\" data-id=\"b116376\" data-element_type=\"widget\" data-widget_type=\"heading.default\">\n\t\t\t\t<div class=\"elementor-widget-container\">\n\t\t\t<h4 class=\"elementor-heading-title elementor-size-default\"><a href=\"https:\/\/cienciassociales.uniandes.edu.co\/filosofia\/blogs\/the-politics-of-bodies-philosophical-emancipation-with-and-beyond-ranciere\/\">The Politics of Bodies. Philosophical Emancipation With and Beyond Ranci\u00e8re<\/a><\/h4>\t\t<\/div>\n\t\t\t\t<\/div>\n\t\t\t\t<div class=\"elementor-element elementor-element-3a73a22 elementor-widget__width-auto elementor-widget elementor-widget-text-editor\" data-id=\"3a73a22\" data-element_type=\"widget\" data-widget_type=\"text-editor.default\">\n\t\t\t\t<div class=\"elementor-widget-container\">\n\t\t\t\t\t\t\t<p>Por:             <a href=\"https:\/\/cienciassociales.uniandes.edu.co\/filosofia\/profesores\/laura-quintana\/\"><span class=\"si-hay-autor\">Laura Quintana<\/span><\/a>            <\/p>\t\t\t\t\t\t<\/div>\n\t\t\t\t<\/div>\n\t\t\t\t<div class=\"elementor-element elementor-element-1e953e3 plus-content plus-blue elementor-widget elementor-widget-ae-post-content\" data-id=\"1e953e3\" data-element_type=\"widget\" data-widget_type=\"ae-post-content.default\">\n\t\t\t\t<div class=\"elementor-widget-container\">\n\t\t\t\t\t<div class=\"ae-element-post-content\">\n\t\t\t\t\t\t\t'The Politics of Bodies: Philosophical emancipation with and beyond Ranci\u00e8re', es la versi\u00f3n en ingl\u00e9s del libro 'Pol\u00edtica de los cuerpos. Emancipaciones desde y m\u00e1s all\u00e1 de Jacques Ranci\u00e8re'. Fue publicada por Rowman &amp; Littlefield...\t\t\t\t\t\t<\/div>\n\t\t\t\t<\/div>\n\t\t\t\t<\/div>\n\t\t\t\t\t<\/div>\n\t\t<\/div>\n\t\t\t\t\t<\/div>\n\t\t<\/section>\n\t\t\t\t\t<\/div>\n\t\t<\/div>\n\t\t\t\t\t<\/div>\n\t\t<\/section>\n\t\t\t\t<\/div>\n\t\t\t\t\t\t\t\t\t\t<\/div>\n\t\t\t\t\t\t\t<\/div>\n\t\t<\/article>\n\n\t\t\t\t<\/div>\n\t\t\t\t\n\n\n\t\t\n\t\t\t\t\t<\/div>\n\t\t\n\t\t\t\t<\/div>\n\t\t\t\t<\/div>\n\t\t\t\t<div class=\"elementor-element elementor-element-fe7f8fc elementor-widget-divider--view-line elementor-widget elementor-widget-divider\" data-id=\"fe7f8fc\" data-element_type=\"widget\" data-widget_type=\"divider.default\">\n\t\t\t\t<div class=\"elementor-widget-container\">\n\t\t\t\t\t<div class=\"elementor-divider\">\n\t\t\t<span class=\"elementor-divider-separator\">\n\t\t\t\t\t\t<\/span>\n\t\t<\/div>\n\t\t\t\t<\/div>\n\t\t\t\t<\/div>\n\t\t\t\t<div class=\"elementor-element elementor-element-7943cca elementor-widget elementor-widget-heading\" data-id=\"7943cca\" data-element_type=\"widget\" data-widget_type=\"heading.default\">\n\t\t\t\t<div class=\"elementor-widget-container\">\n\t\t\t<h2 class=\"elementor-heading-title elementor-size-default\"><a href=\"https:\/\/cienciassociales.uniandes.edu.co\/filosofia\/blogs\/\">Hist\u00f3rico de blogs [+]<\/a><\/h2>\t\t<\/div>\n\t\t\t\t<\/div>\n\t\t\t\t\t<\/div>\n\t\t<\/div>\n\t\t\t\t\t<\/div>\n\t\t<\/section>\n\t\t\t\t\t<\/div>\n\t\t<\/div>\n\t\t\t\t\t<\/div>\n\t\t<\/section>\n\t\t\t\t<\/div>\n\t\t","protected":false},"excerpt":{"rendered":"<p>Blogs Enlac\u00e9monos. Entrevistas en torno al feminismo radical y al transfeminismo: Allison B. Wolf \u2018Con la pandemia retrocedimos en las&#8230;<\/p>\n","protected":false},"author":1,"featured_media":0,"parent":2092,"menu_order":0,"comment_status":"closed","ping_status":"closed","template":"","meta":{"_acf_changed":false,"footnotes":""},"class_list":["post-2095","page","type-page","status-publish","hentry"],"acf":[],"otros_campos":false,"_links":{"self":[{"href":"https:\/\/cienciassociales.uniandes.edu.co\/filosofia\/wp-json\/wp\/v2\/pages\/2095","targetHints":{"allow":["GET"]}}],"collection":[{"href":"https:\/\/cienciassociales.uniandes.edu.co\/filosofia\/wp-json\/wp\/v2\/pages"}],"about":[{"href":"https:\/\/cienciassociales.uniandes.edu.co\/filosofia\/wp-json\/wp\/v2\/types\/page"}],"author":[{"embeddable":true,"href":"https:\/\/cienciassociales.uniandes.edu.co\/filosofia\/wp-json\/wp\/v2\/users\/1"}],"replies":[{"embeddable":true,"href":"https:\/\/cienciassociales.uniandes.edu.co\/filosofia\/wp-json\/wp\/v2\/comments?post=2095"}],"version-history":[{"count":0,"href":"https:\/\/cienciassociales.uniandes.edu.co\/filosofia\/wp-json\/wp\/v2\/pages\/2095\/revisions"}],"up":[{"embeddable":true,"href":"https:\/\/cienciassociales.uniandes.edu.co\/filosofia\/wp-json\/wp\/v2\/pages\/2092"}],"wp:attachment":[{"href":"https:\/\/cienciassociales.uniandes.edu.co\/filosofia\/wp-json\/wp\/v2\/media?parent=2095"}],"curies":[{"name":"wp","href":"https:\/\/api.w.org\/{rel}","templated":true}]}}